{"id":5467,"date":"2018-08-06T10:32:11","date_gmt":"2018-08-06T08:32:11","guid":{"rendered":"http:\/\/evo.icosa.fr\/reglement-relatif-aux-cookies\/"},"modified":"2023-12-14T15:16:21","modified_gmt":"2023-12-14T14:16:21","slug":"cookie-policy","status":"publish","type":"page","link":"https:\/\/evo.icosa.fr\/en\/cookie-policy\/","title":{"rendered":"R\u00e8glement relatif aux cookies"},"content":{"rendered":"<div class=\"fusion-fullwidth fullwidth-box fusion-builder-row-1 fusion-flex-container nonhundred-percent-fullwidth non-hundred-percent-height-scrolling\" style=\"--awb-border-radius-top-left:0px;--awb-border-radius-top-right:0px;--awb-border-radius-bottom-right:0px;--awb-border-radius-bottom-left:0px;--awb-flex-wrap:wrap;\" ><div class=\"fusion-builder-row fusion-row fusion-flex-align-items-flex-start fusion-flex-content-wrap\" style=\"max-width:1289.6px;margin-left: calc(-4% \/ 2 );margin-right: calc(-4% \/ 2 );\"><div class=\"fusion-layout-column fusion_builder_column fusion-builder-column-0 fusion_builder_column_1_1 1_1 fusion-flex-column\" style=\"--awb-bg-size:cover;--awb-width-large:100%;--awb-margin-top-large:0px;--awb-spacing-right-large:1.92%;--awb-margin-bottom-large:0px;--awb-spacing-left-large:1.92%;--awb-width-medium:100%;--awb-spacing-right-medium:1.92%;--awb-spacing-left-medium:1.92%;--awb-width-small:100%;--awb-spacing-right-small:1.92%;--awb-spacing-left-small:1.92%;\"><div class=\"fusion-column-wrapper fusion-flex-justify-content-flex-start fusion-content-layout-column\"><div class=\"fusion-text fusion-text-1\"><h1>R\u00e8glement relatif aux cookies<\/h1>\n<p>Nous utilisons des cookies sur ce site internet ou d\u2019autres sites tiers o\u00f9 nous affichons ces pages. Vous pouvez avoir plus d\u2019informations au sujet des cookies et comment les contr\u00f4ler dans les informations reprises ci-dessous.<\/p>\n<p>En utilisant notre site, nos pages et\/ou nos services, vous acceptez l\u2019utilisation des cookies en conformit\u00e9 avec le pr\u00e9sent R\u00e8glement.<\/p>\n<p>Si vous n\u2019acceptez pas l\u2019utilisation de ces cookies, veuillez les rendre inactifs en suivant les instructions du pr\u00e9sent R\u00e8glement, par exemple en changeant les param\u00e8tres du navigateur de sorte que les cookies de ce site internet ne puissent pas \u00eatre plac\u00e9s sur votre appareil.<\/p>\n<h2>R\u00e8glage et acceptation des cookies<\/h2>\n<p>[cmplz-manage-consent]<\/p>\n<h3>Qu\u2019est-ce qu\u2019un cookie ?<\/h3>\n<p>Les cookies sont des fichiers textes qui contiennent un petit nombre d\u2019informations qui sont t\u00e9l\u00e9charg\u00e9s sur votre appareil quand vous visitez un site web. Les Cookies sont alors envoy\u00e9s en retour au site web originaire \u00e0 chaque visite suivante, ou lors d\u2019une visite sur un site qui reconnait ce cookie. Ils sont utiles parce qu\u2019ils permettent \u00e0 un site web de reconnaitre l\u2019appareil d\u2019un utilisateur.<\/p>\n<p>Les cookies remplissent de multiples fonctions, comme vous permettre de naviguer de mani\u00e8re efficace entre les pages, de se rappeler de vos pr\u00e9f\u00e9rences et de mani\u00e8re g\u00e9n\u00e9rale, d\u2019am\u00e9liorer l\u2019exp\u00e9rience de l\u2019utilisateur. Ils peuvent aussi aider \u00e0 assurer que les publicit\u00e9s que vous voyez sur un site sont plus int\u00e9ressantes pour vous, compte tenu de vos int\u00e9r\u00eats.<\/p>\n<p>Certains cookies contiennent des informations personnelles \u2013 par exemple, si vous cliquez sur l\u2019onglet \u201csouviens-toi de moi\u201d en vous connectant, un cookie va conserver votre nom d\u2019utilisateur. La plupart des cookies ne collectent pas d\u2019informations qui vous identifient et vont plut\u00f4t collecter des informations plus g\u00e9n\u00e9rales telles que la fa\u00e7on dont l\u2019utilisateur est arriv\u00e9 sur le site et utilise nos sites internet, et la localisation g\u00e9n\u00e9rale de l\u2019utilisateur.<\/p>\n<h3>Il y a principalement quatre types de cookies :<\/h3>\n<ul>\n<li><strong>Les cookies de session<\/strong> qui ne durent que le temps de la session. Ils sont effac\u00e9s quand l\u2019utilisateur ferme le navigateur.<\/li>\n<li><strong>Les cookies persistants<\/strong> qui restent apr\u00e8s la fermeture de la session. Ils sont conserv\u00e9s sur le disque dur de l\u2019utilisateur jusqu\u2019\u00e0 leur expiration (les cookies persistants sont con\u00e7us avec une date d\u2019expiration) ou jusqu\u2019\u00e0 ce que l\u2019utilisateur efface les cookies. Les cookies persistants sont utilis\u00e9s pour collecter des informations d\u2019identification relatives \u00e0 l\u2019utilisateur, telles que son comportement lors du surf sur internet ou ses pr\u00e9f\u00e9rences pour un site web sp\u00e9cifique.<\/li>\n<li><strong>Les cookies \u00ab premi\u00e8re partie \u00bb<\/strong> appartiennent au site sur lequel vous choisissez d\u2019aller.<\/li>\n<li><strong>Les cookies \u00ab tierce partie \u00bb<\/strong> sont import\u00e9s d\u2019un site dont le contenu est accessible indirectement, par exemple via une image ou une banni\u00e8re.<\/li>\n<\/ul>\n<p>La majorit\u00e9 des navigateurs les supportent (Internet Explorer, Mozilla Firefox, Netscape, Safari, etc.). Quoiqu\u2019il en soit, les utilisateurs peuvent param\u00e9trer leur navigateur de fa\u00e7on \u00e0 d\u00e9sactiver les cookies ou ils peuvent les effacer.<\/p>\n<p>Pour plus d\u2019informations g\u00e9n\u00e9rales sur les cookies, veuillez cliquer sur le lien suivant : <strong><a href=\"https:\/\/www.allaboutcookies.org\/fr\/\" target=\"_blank\" rel=\"noreferrer, noopener, nofollow noopener\">www.allaboutcookies.org<\/a><\/strong><\/p>\n<h3>Quels sont les cookies que nous utilisons ?<\/h3>\n<p>G\u00e9n\u00e9ralement, nous utilisons des cookies qui permettent de remplir quatre diff\u00e9rentes fonctions et r\u00e9pondent \u00e0 diff\u00e9rentes finalit\u00e9s :<\/p>\n<ol>\n<li>\n<h4><strong>Les cookies essentiels et <\/strong><strong>fonctionnels <\/strong><strong>(Functionnal)<\/strong><\/h4>\n<p>Certains cookies sont essentiels pour effectuer des op\u00e9rations sur notre site internet et sur nos pages. Par exemple, s&#8217;assure de la s\u00e9curit\u00e9 du site en vous reconnaissant comme un utilisateur l\u00e9gitime. Ces cookies ne comprennent pas d\u2019informations sur vous qui pourraient \u00eatre utilis\u00e9es \u00e0 des fins de marketing ou qui se souviennent des endroits o\u00f9 vous avez \u00e9t\u00e9 sur internet. Cette cat\u00e9gorie de cookies ne devrait pas \u00eatre d\u00e9sactiv\u00e9e. Si un utilisateur choisit de rendre ces cookies inactifs, il pourrai ne pas avoir acc\u00e8s \u00e0 tout le contenu des pages visit\u00e9es.<br \/>\nNous pouvons utiliser des cookies fonctionnels qui nous permettent de nous souvenir de vos pr\u00e9f\u00e9rences par exemple certains cookies nous permettent d\u2019enregistrer vos param\u00e8trage d&#8217;acceptation des cookies. Nous pouvons \u00e9galement utiliser les cookies de fonctionnalit\u00e9 pour vous fournir des services am\u00e9lior\u00e9s afin d&#8217;am\u00e9liorer votre navigation qui peuvent, par exemple, adapter le site \u00e0 votre navigateur.<\/li>\n<li>\n<h4><strong>Les cookies de performance et d\u2019analyse (Analytical)<\/strong><\/h4>\n<p>Ces cookies collectent des informations sur la fa\u00e7on dont les visiteurs utilisent le site internet, par exemple quelles pages les visiteurs regardent le plus souvent et s\u2019ils re\u00e7oivent des messages d\u2019erreur de certaines pages. Ces cookies ne collectent pas d\u2019informations qui vous identifient. Toutes les informations que ces cookies collectent sont anonymes et uniquement utilis\u00e9es pour am\u00e9liorer le fonctionnement du site internet.<br \/>\nNous utilisons <strong>Google Analytics<\/strong>.<\/li>\n<li>\n<h4><strong>Cookies de publicit\u00e9 cibl\u00e9e sur le comportement (Advertising)<\/strong><\/h4>\n<p>Nous n&#8217;utilisons pas de cookie de remarketing.<br \/>\nIls peuvent \u00eatre utilis\u00e9s pour vous fournir des publicit\u00e9s en fonction de vos int\u00e9r\u00eats. Par exemple, si vous lisez un certain nombre d\u2019articles sur les maisons plutot que les appartements sur notre site web ou sur d\u2019autres sites, un vendeur immobilier pourrait en d\u00e9duire que vous \u00eates int\u00e9ress\u00e9 par ce sujet et vous fournir des publicit\u00e9s relatives \u00e0 ses maisons. Vous pouvez voir ces publicit\u00e9s sur notre site internet et sur d\u2019autres sites internet que vous visitez. Quoiqu\u2019il en soit, nous n\u2019indiquons pas \u00e0 nos annonceurs qui vous \u00eates.<\/li>\n<\/ol>\n<p>Les donn\u00e9es personnelles r\u00e9colt\u00e9es au moyen des cookies que nous utilisons sont stock\u00e9es pour une dur\u00e9e de 12 mois et ne sont pas communiqu\u00e9es \u00e0 des tiers.<\/p>\n<h3>Quelqu\u2019un d\u2019autre utilise-t-il des cookies sur notre site internet ?<\/h3>\n<p>Les annonceurs utilisent parfois leurs propres cookies pour vous fournir des publicit\u00e9s cibl\u00e9es. Par exemple, les annonceurs peuvent utiliser un profil qu\u2019ils ont construit sur base des sites que vous avez pr\u00e9alablement visit\u00e9s pour vous pr\u00e9senter des publicit\u00e9s plus appropri\u00e9es pendant que vous visitez des site internet. Si vous \u00eates \u00e9tablis dans l\u2019Union Europ\u00e9enne et que vous voulez en apprendre plus sur la fa\u00e7on dont les annonceurs utilisent ce genre de cookies ou pour choisir de ne pas les recevoir, veuillez visiter <a href=\"https:\/\/www.youronlinechoices.eu\/\" target=\"_blank\" rel=\"noreferrer, noopener, nofollow noopener\">www.youronlinechoices.eu<\/a>. En l\u2019esp\u00e8ce nous n\u2019affichons pas de telles publicit\u00e9s cibl\u00e9es par des tiers sur notre site et n\u2019autorisons pas les tiers \u00e0 afficher de telles publicit\u00e9s et \u00e0 transmettre des cookies \u00e0 cette fin.<\/p>\n<p>Nous utilisons des cookies analytiques tiers (Google Analytics) pour nous aider \u00e0 \u00e9valuer le trafic sur notre site internet. Nous pouvons \u00e9galement utiliser des cookies tiers pour nous aider dans nos recherches de march\u00e9, am\u00e9lioration des fonctionnalit\u00e9s du site et \u00e9valuation de sa conformit\u00e9.<\/p>\n<p>Vous pouvez \u00e9galement \u00e0 tout moment contr\u00f4ler, d\u00e9sactiver et supprimer ces cookies par l\u2019interm\u00e9diaire des param\u00e8tres de votre navigateur.<\/p>\n<h3>Comment contr\u00f4ler et supprimer les cookies sur mon navigateur ?<\/h3>\n<p>La possibilit\u00e9 d\u2019autoriser, refuser ou supprimer les cookies peut aussi \u00eatre assur\u00e9e au niveau du navigateur. Pour y parvenir, suivez les instructions fournies par votre navigateur (g\u00e9n\u00e9ralement localis\u00e9es sous l\u2019onglet \u201cAide\u201d, \u201cOutils\u201d et \u201cEdition\u201d). Refuser un cookie ou des cat\u00e9gories de cookies ne supprime pas les cookies de votre navigateur. Vous devrez faire cela vous-m\u00eame depuis votre navigateur.<\/p>\n<p>Le param\u00e9trage de cookies peut varier d\u2019un navigateur \u00e0 l\u2019autre. Vous trouverez ci-dessous les hyperliens vous donnant acc\u00e8s aux instructions qui vous permettront de d\u00e9sactiver ou de supprimer les cookies sur votre navigateur :<\/p>\n<ul>\n<li><strong><a href=\"https:\/\/support.mozilla.org\/fr\/kb\/activer-desactiver-cookies\" target=\"_blank\" rel=\"noreferrer, noopener, nofollow noopener\">Mozilla Firefox<\/a><\/strong><\/li>\n<li><strong><a href=\"https:\/\/support.google.com\/chrome\/answer\/95647?co=GENIE.Platform=Desktop&amp;hl=fr\" target=\"_blank\" rel=\"noreferrer, noopener, nofollow noopener\">Chrome<\/a><\/strong><\/li>\n<li><strong><a href=\"https:\/\/support.apple.com\/fr-be\/HT201265\" target=\"_blank\" rel=\"noreferrer, noopener, nofollow noopener\">Safari<\/a><\/strong><\/li>\n<li><strong><a href=\"https:\/\/support.microsoft.com\/fr-be\/help\/17442\/windows-internet-explorer-delete-manage-cookies\" target=\"_blank\" rel=\"noreferrer, noopener, nofollow noopener\">Internet Explorer<\/a><\/strong><\/li>\n<\/ul>\n<p>[Optionnel \u2013 si d\u2019application \u2013 cfr. Point pr\u00e9c\u00e9dent relatifs aux cookies analytiques] Par ailleurs, si vous ne souhaitez pas transmettre d\u2019informations relatives \u00e0 vos visites et activit\u00e9s sur notre site \u00e0 Google Analytics, vous pouvez d\u00e9sactiver cette option dans votre navigateur via le lien suivant : <strong><a href=\"https:\/\/tools.google.com\/dlpage\/gaoptout?hl=fr\" target=\"_blank\" rel=\"noreferrer, noopener, nofollow noopener\">Google Analytics opt-out<\/a><\/strong><\/p>\n<p>Rappelez-vous que si vous choisissez de d\u00e9sactiver les cookies sur votre navigateur, certaines parties de notre site internet peuvent ne pas fonctionner correctement ou plus lentement.<\/p>\n<\/div><\/div><\/div><\/div><\/div>\n","protected":false},"excerpt":{"rendered":"","protected":false},"author":1,"featured_media":0,"parent":0,"menu_order":0,"comment_status":"closed","ping_status":"closed","template":"","meta":{"footnotes":""},"class_list":["post-5467","page","type-page","status-publish","hentry"],"yoast_head":"<!-- This site is optimized with the Yoast SEO plugin v27.4 - https:\/\/yoast.com\/product\/yoast-seo-wordpress\/ -->\n<title>R\u00e8glement relatif aux cookies - ICOSA - Intellectual Property Law firm<\/title>\n<meta name=\"robots\" content=\"noindex, follow, max-snippet:-1, max-image-preview:large, max-video-preview:-1\" \/>\n<meta property=\"og:locale\" content=\"en_US\" \/>\n<meta property=\"og:type\" content=\"article\" \/>\n<meta property=\"og:title\" content=\"R\u00e8glement relatif aux cookies - ICOSA - Intellectual Property Law firm\" \/>\n<meta property=\"og:url\" content=\"https:\/\/evo.icosa.fr\/en\/cookie-policy\/\" \/>\n<meta property=\"og:site_name\" content=\"ICOSA - Intellectual Property Law firm\" \/>\n<meta property=\"article:modified_time\" content=\"2023-12-14T14:16:21+00:00\" \/>\n<meta name=\"twitter:card\" content=\"summary_large_image\" \/>\n<meta name=\"twitter:label1\" content=\"Est. reading time\" \/>\n\t<meta name=\"twitter:data1\" content=\"8 minutes\" \/>\n<script type=\"application\/ld+json\" class=\"yoast-schema-graph\">{\"@context\":\"https:\\\/\\\/schema.org\",\"@graph\":[{\"@type\":\"WebPage\",\"@id\":\"https:\\\/\\\/evo.icosa.fr\\\/en\\\/cookie-policy\\\/\",\"url\":\"https:\\\/\\\/evo.icosa.fr\\\/en\\\/cookie-policy\\\/\",\"name\":\"R\u00e8glement relatif aux cookies - ICOSA - Intellectual Property Law firm\",\"isPartOf\":{\"@id\":\"https:\\\/\\\/evo.icosa.fr\\\/en\\\/#website\"},\"datePublished\":\"2018-08-06T08:32:11+00:00\",\"dateModified\":\"2023-12-14T14:16:21+00:00\",\"breadcrumb\":{\"@id\":\"https:\\\/\\\/evo.icosa.fr\\\/en\\\/cookie-policy\\\/#breadcrumb\"},\"inLanguage\":\"en-US\",\"potentialAction\":[{\"@type\":\"ReadAction\",\"target\":[\"https:\\\/\\\/evo.icosa.fr\\\/en\\\/cookie-policy\\\/\"]}]},{\"@type\":\"BreadcrumbList\",\"@id\":\"https:\\\/\\\/evo.icosa.fr\\\/en\\\/cookie-policy\\\/#breadcrumb\",\"itemListElement\":[{\"@type\":\"ListItem\",\"position\":1,\"name\":\"Accueil\",\"item\":\"https:\\\/\\\/evo.icosa.fr\\\/en\\\/icosa-intellectual-property-law-firm\\\/\"},{\"@type\":\"ListItem\",\"position\":2,\"name\":\"R\u00e8glement relatif aux cookies\"}]},{\"@type\":\"WebSite\",\"@id\":\"https:\\\/\\\/evo.icosa.fr\\\/en\\\/#website\",\"url\":\"https:\\\/\\\/evo.icosa.fr\\\/en\\\/\",\"name\":\"ICOSA - Intellectual Property Law firm\",\"description\":\"European Patent Attorneys\",\"publisher\":{\"@id\":\"https:\\\/\\\/evo.icosa.fr\\\/en\\\/#organization\"},\"potentialAction\":[{\"@type\":\"SearchAction\",\"target\":{\"@type\":\"EntryPoint\",\"urlTemplate\":\"https:\\\/\\\/evo.icosa.fr\\\/en\\\/?s={search_term_string}\"},\"query-input\":{\"@type\":\"PropertyValueSpecification\",\"valueRequired\":true,\"valueName\":\"search_term_string\"}}],\"inLanguage\":\"en-US\"},{\"@type\":\"Organization\",\"@id\":\"https:\\\/\\\/evo.icosa.fr\\\/en\\\/#organization\",\"name\":\"ICOSA - Intellectual Property Law Firm\",\"url\":\"https:\\\/\\\/evo.icosa.fr\\\/en\\\/\",\"logo\":{\"@type\":\"ImageObject\",\"inLanguage\":\"en-US\",\"@id\":\"https:\\\/\\\/evo.icosa.fr\\\/en\\\/#\\\/schema\\\/logo\\\/image\\\/\",\"url\":\"https:\\\/\\\/evo.icosa.fr\\\/wp-content\\\/uploads\\\/Logo-Icosa.svg\",\"contentUrl\":\"https:\\\/\\\/evo.icosa.fr\\\/wp-content\\\/uploads\\\/Logo-Icosa.svg\",\"width\":330,\"height\":156,\"caption\":\"ICOSA - Intellectual Property Law Firm\"},\"image\":{\"@id\":\"https:\\\/\\\/evo.icosa.fr\\\/en\\\/#\\\/schema\\\/logo\\\/image\\\/\"},\"sameAs\":[\"https:\\\/\\\/www.linkedin.com\\\/company\\\/icosa-ip\\\/\"]}]}<\/script>\n<!-- \/ Yoast SEO plugin. -->","yoast_head_json":{"title":"R\u00e8glement relatif aux cookies - ICOSA - Intellectual Property Law firm","robots":{"index":"noindex","follow":"follow","max-snippet":"max-snippet:-1","max-image-preview":"max-image-preview:large","max-video-preview":"max-video-preview:-1"},"og_locale":"en_US","og_type":"article","og_title":"R\u00e8glement relatif aux cookies - ICOSA - Intellectual Property Law firm","og_url":"https:\/\/evo.icosa.fr\/en\/cookie-policy\/","og_site_name":"ICOSA - Intellectual Property Law firm","article_modified_time":"2023-12-14T14:16:21+00:00","twitter_card":"summary_large_image","twitter_misc":{"Est. reading time":"8 minutes"},"schema":{"@context":"https:\/\/schema.org","@graph":[{"@type":"WebPage","@id":"https:\/\/evo.icosa.fr\/en\/cookie-policy\/","url":"https:\/\/evo.icosa.fr\/en\/cookie-policy\/","name":"R\u00e8glement relatif aux cookies - ICOSA - Intellectual Property Law firm","isPartOf":{"@id":"https:\/\/evo.icosa.fr\/en\/#website"},"datePublished":"2018-08-06T08:32:11+00:00","dateModified":"2023-12-14T14:16:21+00:00","breadcrumb":{"@id":"https:\/\/evo.icosa.fr\/en\/cookie-policy\/#breadcrumb"},"inLanguage":"en-US","potentialAction":[{"@type":"ReadAction","target":["https:\/\/evo.icosa.fr\/en\/cookie-policy\/"]}]},{"@type":"BreadcrumbList","@id":"https:\/\/evo.icosa.fr\/en\/cookie-policy\/#breadcrumb","itemListElement":[{"@type":"ListItem","position":1,"name":"Accueil","item":"https:\/\/evo.icosa.fr\/en\/icosa-intellectual-property-law-firm\/"},{"@type":"ListItem","position":2,"name":"R\u00e8glement relatif aux cookies"}]},{"@type":"WebSite","@id":"https:\/\/evo.icosa.fr\/en\/#website","url":"https:\/\/evo.icosa.fr\/en\/","name":"ICOSA - Intellectual Property Law firm","description":"European Patent Attorneys","publisher":{"@id":"https:\/\/evo.icosa.fr\/en\/#organization"},"potentialAction":[{"@type":"SearchAction","target":{"@type":"EntryPoint","urlTemplate":"https:\/\/evo.icosa.fr\/en\/?s={search_term_string}"},"query-input":{"@type":"PropertyValueSpecification","valueRequired":true,"valueName":"search_term_string"}}],"inLanguage":"en-US"},{"@type":"Organization","@id":"https:\/\/evo.icosa.fr\/en\/#organization","name":"ICOSA - Intellectual Property Law Firm","url":"https:\/\/evo.icosa.fr\/en\/","logo":{"@type":"ImageObject","inLanguage":"en-US","@id":"https:\/\/evo.icosa.fr\/en\/#\/schema\/logo\/image\/","url":"https:\/\/evo.icosa.fr\/wp-content\/uploads\/Logo-Icosa.svg","contentUrl":"https:\/\/evo.icosa.fr\/wp-content\/uploads\/Logo-Icosa.svg","width":330,"height":156,"caption":"ICOSA - Intellectual Property Law Firm"},"image":{"@id":"https:\/\/evo.icosa.fr\/en\/#\/schema\/logo\/image\/"},"sameAs":["https:\/\/www.linkedin.com\/company\/icosa-ip\/"]}]}},"_links":{"self":[{"href":"https:\/\/evo.icosa.fr\/en\/wp-json\/wp\/v2\/pages\/5467","targetHints":{"allow":["GET"]}}],"collection":[{"href":"https:\/\/evo.icosa.fr\/en\/wp-json\/wp\/v2\/pages"}],"about":[{"href":"https:\/\/evo.icosa.fr\/en\/wp-json\/wp\/v2\/types\/page"}],"author":[{"embeddable":true,"href":"https:\/\/evo.icosa.fr\/en\/wp-json\/wp\/v2\/users\/1"}],"replies":[{"embeddable":true,"href":"https:\/\/evo.icosa.fr\/en\/wp-json\/wp\/v2\/comments?post=5467"}],"version-history":[{"count":4,"href":"https:\/\/evo.icosa.fr\/en\/wp-json\/wp\/v2\/pages\/5467\/revisions"}],"predecessor-version":[{"id":9002,"href":"https:\/\/evo.icosa.fr\/en\/wp-json\/wp\/v2\/pages\/5467\/revisions\/9002"}],"wp:attachment":[{"href":"https:\/\/evo.icosa.fr\/en\/wp-json\/wp\/v2\/media?parent=5467"}],"curies":[{"name":"wp","href":"https:\/\/api.w.org\/{rel}","templated":true}]}}